{"id":128,"date":"2024-10-01T22:42:26","date_gmt":"2024-10-01T22:42:26","guid":{"rendered":"https:\/\/vivendanova.com\/por-que-nosotros\/"},"modified":"2026-02-28T08:28:34","modified_gmt":"2026-02-28T08:28:34","slug":"why-us","status":"publish","type":"page","link":"https:\/\/vivendanova.com\/es\/why-us\/","title":{"rendered":"\u00bfPor qu\u00e9 nosotros?"},"content":{"rendered":"\t\t<div data-elementor-type=\"wp-page\" data-elementor-id=\"128\" class=\"elementor elementor-128 elementor-13\" data-elementor-post-type=\"page\">\n\t\t\t\t<div class=\"elementor-element elementor-element-41965715 e-con-full e-flex wpr-particle-no wpr-jarallax-no wpr-parallax-no wpr-sticky-section-no e-con e-parent\" data-id=\"41965715\" data-element_type=\"container\" data-e-type=\"container\" data-settings=\"{&quot;background_background&quot;:&quot;slideshow&quot;,&quot;background_slideshow_gallery&quot;:[{&quot;id&quot;:28630,&quot;url&quot;:&quot;https:\\\/\\\/vivendanova.com\\\/wp-content\\\/uploads\\\/2024\\\/12\\\/vincenzo-montagna-lJy98lq4F7c-unsplash-1-1.png&quot;}],&quot;background_slideshow_slide_duration&quot;:5000,&quot;background_slideshow_slide_transition&quot;:&quot;fade&quot;,&quot;background_slideshow_transition_duration&quot;:500}\">\n\t\t\t\t<div class=\"elementor-element elementor-element-2746d8b9 elementor-widget__width-initial elementor-widget elementor-widget-heading\" data-id=\"2746d8b9\" data-element_type=\"widget\" data-e-type=\"widget\" data-widget_type=\"heading.default\">\n\t\t\t\t<div class=\"elementor-widget-container\">\n\t\t\t\t\t<h2 class=\"elementor-heading-title elementor-size-default\">VivendaNova: Su socio de confianza en el mercado inmobiliario espa\u00f1ol<\/h2>\t\t\t\t<\/div>\n\t\t\t\t<\/div>\n\t\t\t\t<div class=\"elementor-element elementor-element-69c33a59 elementor-widget__width-initial elementor-widget elementor-widget-text-editor\" data-id=\"69c33a59\" data-element_type=\"widget\" data-e-type=\"widget\" data-widget_type=\"text-editor.default\">\n\t\t\t\t<div class=\"elementor-widget-container\">\n\t\t\t\t\t\t\t\t\t<p>No solo vendemos propiedades en Espa\u00f1a, nos especializamos en trabajar con clientes estadounidenses, entendiendo sus expectativas y requisitos. Ofrecemos una gama completa de servicios, que incluyen:<\/p>\t\t\t\t\t\t\t\t<\/div>\n\t\t\t\t<\/div>\n\t\t\t\t<\/div>\n\t\t<div class=\"elementor-element elementor-element-605e5a6e e-flex e-con-boxed wpr-particle-no wpr-jarallax-no wpr-parallax-no wpr-sticky-section-no e-con e-parent\" data-id=\"605e5a6e\" data-element_type=\"container\" data-e-type=\"container\">\n\t\t\t\t\t<div class=\"e-con-inner\">\n\t\t\t\t<div class=\"elementor-element elementor-element-dde958 elementor-widget elementor-widget-heading\" data-id=\"dde958\" data-element_type=\"widget\" data-e-type=\"widget\" data-widget_type=\"heading.default\">\n\t\t\t\t<div class=\"elementor-widget-container\">\n\t\t\t\t\t<h2 class=\"elementor-heading-title elementor-size-default\">\u00bfPor qu\u00e9 nosotros?<\/h2>\t\t\t\t<\/div>\n\t\t\t\t<\/div>\n\t\t\t\t\t<\/div>\n\t\t\t\t<\/div>\n\t\t<div class=\"elementor-element elementor-element-1ad01e13 e-flex e-con-boxed wpr-particle-no wpr-jarallax-no wpr-parallax-no wpr-sticky-section-no e-con e-parent\" data-id=\"1ad01e13\" data-element_type=\"container\" data-e-type=\"container\">\n\t\t\t\t\t<div class=\"e-con-inner\">\n\t\t<div class=\"elementor-element elementor-element-64cb70c e-con-full e-flex wpr-particle-no wpr-jarallax-no wpr-parallax-no wpr-sticky-section-no e-con e-child\" data-id=\"64cb70c\" data-element_type=\"container\" data-e-type=\"container\">\n\t\t\t\t<div class=\"elementor-element elementor-element-360c981d elementor-widget elementor-widget-heading\" data-id=\"360c981d\" data-element_type=\"widget\" data-e-type=\"widget\" data-widget_type=\"heading.default\">\n\t\t\t\t<div class=\"elementor-widget-container\">\n\t\t\t\t\t<h2 class=\"elementor-heading-title elementor-size-default\">Soporte legal<\/h2>\t\t\t\t<\/div>\n\t\t\t\t<\/div>\n\t\t\t\t<div class=\"elementor-element elementor-element-19a301a3 elementor-widget elementor-widget-text-editor\" data-id=\"19a301a3\" data-element_type=\"widget\" data-e-type=\"widget\" data-widget_type=\"text-editor.default\">\n\t\t\t\t<div class=\"elementor-widget-container\">\n\t\t\t\t\t\t\t\t\t<p>Acompa\u00f1amos a nuestros clientes en todas las etapas de la transacci\u00f3n, desde la elecci\u00f3n del objeto hasta la entrega de llaves. Incluso despu\u00e9s de que se complete la transacci\u00f3n, permaneceremos en contacto para resolver cualquier problema.<\/p>\t\t\t\t\t\t\t\t<\/div>\n\t\t\t\t<\/div>\n\t\t\t\t<\/div>\n\t\t<div class=\"elementor-element elementor-element-5c50df71 e-con-full e-flex wpr-particle-no wpr-jarallax-no wpr-parallax-no wpr-sticky-section-no e-con e-child\" data-id=\"5c50df71\" data-element_type=\"container\" data-e-type=\"container\">\n\t\t\t\t<div class=\"elementor-element elementor-element-24314f96 elementor-widget elementor-widget-heading\" data-id=\"24314f96\" data-element_type=\"widget\" data-e-type=\"widget\" data-widget_type=\"heading.default\">\n\t\t\t\t<div class=\"elementor-widget-container\">\n\t\t\t\t\t<h2 class=\"elementor-heading-title elementor-size-default\">Asesoramiento Fiscal<\/h2>\t\t\t\t<\/div>\n\t\t\t\t<\/div>\n\t\t\t\t<div class=\"elementor-element elementor-element-265d6b62 elementor-widget elementor-widget-text-editor\" data-id=\"265d6b62\" data-element_type=\"widget\" data-e-type=\"widget\" data-widget_type=\"text-editor.default\">\n\t\t\t\t<div class=\"elementor-widget-container\">\n\t\t\t\t\t\t\t\t\t<p>Te explicaremos las particularidades de la fiscalidad para compradores extranjeros en Espa\u00f1a para evitar costes inesperados.<\/p>\t\t\t\t\t\t\t\t<\/div>\n\t\t\t\t<\/div>\n\t\t\t\t<\/div>\n\t\t<div class=\"elementor-element elementor-element-36de5601 e-con-full e-flex wpr-particle-no wpr-jarallax-no wpr-parallax-no wpr-sticky-section-no e-con e-child\" data-id=\"36de5601\" data-element_type=\"container\" data-e-type=\"container\">\n\t\t\t\t<div class=\"elementor-element elementor-element-243a435e elementor-widget elementor-widget-heading\" data-id=\"243a435e\" data-element_type=\"widget\" data-e-type=\"widget\" data-widget_type=\"heading.default\">\n\t\t\t\t<div class=\"elementor-widget-container\">\n\t\t\t\t\t<h2 class=\"elementor-heading-title elementor-size-default\">Soporte total<\/h2>\t\t\t\t<\/div>\n\t\t\t\t<\/div>\n\t\t\t\t<div class=\"elementor-element elementor-element-33750c4c elementor-widget elementor-widget-text-editor\" data-id=\"33750c4c\" data-element_type=\"widget\" data-e-type=\"widget\" data-widget_type=\"text-editor.default\">\n\t\t\t\t<div class=\"elementor-widget-container\">\n\t\t\t\t\t\t\t\t\t<p>Acompa\u00f1amos a nuestros clientes en todas las etapas de la transacci\u00f3n, desde la elecci\u00f3n del objeto hasta la entrega de llaves. Incluso despu\u00e9s de que se complete la transacci\u00f3n, permaneceremos en contacto para resolver cualquier problema.<\/p>\t\t\t\t\t\t\t\t<\/div>\n\t\t\t\t<\/div>\n\t\t\t\t<\/div>\n\t\t<div class=\"elementor-element elementor-element-57a14ba0 e-con-full e-flex wpr-particle-no wpr-jarallax-no wpr-parallax-no wpr-sticky-section-no e-con e-child\" data-id=\"57a14ba0\" data-element_type=\"container\" data-e-type=\"container\">\n\t\t\t\t<div class=\"elementor-element elementor-element-13854f45 elementor-widget elementor-widget-heading\" data-id=\"13854f45\" data-element_type=\"widget\" data-e-type=\"widget\" data-widget_type=\"heading.default\">\n\t\t\t\t<div class=\"elementor-widget-container\">\n\t\t\t\t\t<h2 class=\"elementor-heading-title elementor-size-default\">Traducci\u00f3n y documentaci\u00f3n<\/h2>\t\t\t\t<\/div>\n\t\t\t\t<\/div>\n\t\t\t\t<div class=\"elementor-element elementor-element-4d2b980b elementor-widget elementor-widget-text-editor\" data-id=\"4d2b980b\" data-element_type=\"widget\" data-e-type=\"widget\" data-widget_type=\"text-editor.default\">\n\t\t\t\t<div class=\"elementor-widget-container\">\n\t\t\t\t\t\t\t\t\t<div><p>Todos los documentos y negociaciones se pueden traducir al ingl\u00e9s para facilitarle la navegaci\u00f3n en el proceso de compra.<\/p><p>Entendemos que comprar una propiedad en otro pa\u00eds puede ser un proceso complejo, especialmente cuando se trata de cuestiones financieras.<\/p><\/div>\t\t\t\t\t\t\t\t<\/div>\n\t\t\t\t<\/div>\n\t\t\t\t<\/div>\n\t\t<div class=\"elementor-element elementor-element-7d35998 e-con-full e-flex wpr-particle-no wpr-jarallax-no wpr-parallax-no wpr-sticky-section-no e-con e-child\" data-id=\"7d35998\" data-element_type=\"container\" data-e-type=\"container\">\n\t\t\t\t<div class=\"elementor-element elementor-element-6324e106 elementor-widget elementor-widget-heading\" data-id=\"6324e106\" data-element_type=\"widget\" data-e-type=\"widget\" data-widget_type=\"heading.default\">\n\t\t\t\t<div class=\"elementor-widget-container\">\n\t\t\t\t\t<h2 class=\"elementor-heading-title elementor-size-default\">Abrir una cuenta bancaria en Espa\u00f1a<\/h2>\t\t\t\t<\/div>\n\t\t\t\t<\/div>\n\t\t\t\t<div class=\"elementor-element elementor-element-78e22300 elementor-widget elementor-widget-text-editor\" data-id=\"78e22300\" data-element_type=\"widget\" data-e-type=\"widget\" data-widget_type=\"text-editor.default\">\n\t\t\t\t<div class=\"elementor-widget-container\">\n\t\t\t\t\t\t\t\t\t<p>Sabemos c\u00f3mo ayudar a los ciudadanos americanos a abrir una cuenta bancaria europea. Trabajamos con bancos de confianza para garantizar que pueda transferir fondos f\u00e1cil y r\u00e1pidamente desde EE. UU. a su cuenta en Espa\u00f1a.<\/p>\t\t\t\t\t\t\t\t<\/div>\n\t\t\t\t<\/div>\n\t\t\t\t<\/div>\n\t\t<div class=\"elementor-element elementor-element-2df80989 e-con-full e-flex wpr-particle-no wpr-jarallax-no wpr-parallax-no wpr-sticky-section-no e-con e-child\" data-id=\"2df80989\" data-element_type=\"container\" data-e-type=\"container\">\n\t\t\t\t<div class=\"elementor-element elementor-element-721b2569 elementor-widget elementor-widget-heading\" data-id=\"721b2569\" data-element_type=\"widget\" data-e-type=\"widget\" data-widget_type=\"heading.default\">\n\t\t\t\t<div class=\"elementor-widget-container\">\n\t\t\t\t\t<h2 class=\"elementor-heading-title elementor-size-default\">Consultas y asistencia con documentos<\/h2>\t\t\t\t<\/div>\n\t\t\t\t<\/div>\n\t\t\t\t<div class=\"elementor-element elementor-element-10eaf5ac elementor-widget elementor-widget-text-editor\" data-id=\"10eaf5ac\" data-element_type=\"widget\" data-e-type=\"widget\" data-widget_type=\"text-editor.default\">\n\t\t\t\t<div class=\"elementor-widget-container\">\n\t\t\t\t\t\t\t\t\t<p>Los bancos espa\u00f1oles pueden solicitar un determinado paquete de documentos para abrir una cuenta. Le ayudaremos a recopilar todos los documentos necesarios para evitar retrasos o complicaciones.<\/p>\t\t\t\t\t\t\t\t<\/div>\n\t\t\t\t<\/div>\n\t\t\t\t<\/div>\n\t\t<div class=\"elementor-element elementor-element-599a52d4 e-con-full e-flex wpr-particle-no wpr-jarallax-no wpr-parallax-no wpr-sticky-section-no e-con e-child\" data-id=\"599a52d4\" data-element_type=\"container\" data-e-type=\"container\">\n\t\t\t\t<div class=\"elementor-element elementor-element-5d3eda27 elementor-widget elementor-widget-heading\" data-id=\"5d3eda27\" data-element_type=\"widget\" data-e-type=\"widget\" data-widget_type=\"heading.default\">\n\t\t\t\t<div class=\"elementor-widget-container\">\n\t\t\t\t\t<h2 class=\"elementor-heading-title elementor-size-default\">Registro de un permiso de residencia<\/h2>\t\t\t\t<\/div>\n\t\t\t\t<\/div>\n\t\t\t\t<div class=\"elementor-element elementor-element-2cad1e6 elementor-widget elementor-widget-text-editor\" data-id=\"2cad1e6\" data-element_type=\"widget\" data-e-type=\"widget\" data-widget_type=\"text-editor.default\">\n\t\t\t\t<div class=\"elementor-widget-container\">\n\t\t\t\t\t\t\t\t\t<p>Ayudamos a nuestros clientes a obtener un permiso de residencia (permiso de residencia) para residir todo el a\u00f1o en Espa\u00f1a para que pueda disfrutar de la vida en este hermoso pa\u00eds sin restricciones.<\/p>\t\t\t\t\t\t\t\t<\/div>\n\t\t\t\t<\/div>\n\t\t\t\t<\/div>\n\t\t<div class=\"elementor-element elementor-element-fdf4b02 e-con-full e-flex wpr-particle-no wpr-jarallax-no wpr-parallax-no wpr-sticky-section-no e-con e-child\" data-id=\"fdf4b02\" data-element_type=\"container\" data-e-type=\"container\">\n\t\t\t\t<div class=\"elementor-element elementor-element-6009bd6d elementor-widget elementor-widget-heading\" data-id=\"6009bd6d\" data-element_type=\"widget\" data-e-type=\"widget\" data-widget_type=\"heading.default\">\n\t\t\t\t<div class=\"elementor-widget-container\">\n\t\t\t\t\t<h2 class=\"elementor-heading-title elementor-size-default\">Visa dorada de inversor<\/h2>\t\t\t\t<\/div>\n\t\t\t\t<\/div>\n\t\t\t\t<div class=\"elementor-element elementor-element-3c3cc6b3 elementor-widget elementor-widget-text-editor\" data-id=\"3c3cc6b3\" data-element_type=\"widget\" data-e-type=\"widget\" data-widget_type=\"text-editor.default\">\n\t\t\t\t<div class=\"elementor-widget-container\">\n\t\t\t\t\t\t\t\t\t<p>Al comprar un inmueble a partir de 500.000 euros, te ayudaremos a ti y a toda tu familia a obtener una visa dorada de inversor, que da derecho a residir en Espa\u00f1a y viajar por los pa\u00edses del espacio Schengen.<\/p>\t\t\t\t\t\t\t\t<\/div>\n\t\t\t\t<\/div>\n\t\t\t\t<\/div>\n\t\t<div class=\"elementor-element elementor-element-11bebfd7 e-con-full e-flex wpr-particle-no wpr-jarallax-no wpr-parallax-no wpr-sticky-section-no e-con e-child\" data-id=\"11bebfd7\" data-element_type=\"container\" data-e-type=\"container\">\n\t\t\t\t<div class=\"elementor-element elementor-element-69d68f2f elementor-widget elementor-widget-heading\" data-id=\"69d68f2f\" data-element_type=\"widget\" data-e-type=\"widget\" data-widget_type=\"heading.default\">\n\t\t\t\t<div class=\"elementor-widget-container\">\n\t\t\t\t\t<h2 class=\"elementor-heading-title elementor-size-default\">Soporte bancario y legal fluido<\/h2>\t\t\t\t<\/div>\n\t\t\t\t<\/div>\n\t\t\t\t<div class=\"elementor-element elementor-element-4eb6613d elementor-widget elementor-widget-text-editor\" data-id=\"4eb6613d\" data-element_type=\"widget\" data-e-type=\"widget\" data-widget_type=\"text-editor.default\">\n\t\t\t\t<div class=\"elementor-widget-container\">\n\t\t\t\t\t\t\t\t\t<p>Nos aseguraremos de que sus transferencias financieras y transacciones bancarias se realicen sin problemas. Todos los aspectos de la transacci\u00f3n ser\u00e1n seguros y transparentes, con retrasos m\u00ednimos y sin sorpresas.<\/p>\t\t\t\t\t\t\t\t<\/div>\n\t\t\t\t<\/div>\n\t\t\t\t<\/div>\n\t\t\t\t\t<\/div>\n\t\t\t\t<\/div>\n\t\t<div class=\"elementor-element elementor-element-3bd44df2 e-con-full e-flex wpr-particle-no wpr-jarallax-no wpr-parallax-no wpr-sticky-section-no e-con e-parent\" data-id=\"3bd44df2\" data-element_type=\"container\" data-e-type=\"container\" data-settings=\"{&quot;background_background&quot;:&quot;slideshow&quot;,&quot;background_slideshow_gallery&quot;:[{&quot;id&quot;:28308,&quot;url&quot;:&quot;https:\\\/\\\/vivendanova.com\\\/wp-content\\\/uploads\\\/2024\\\/11\\\/ferran-feixas-HhNIcz7TwLc-unsplash-2.png&quot;}],&quot;background_slideshow_slide_duration&quot;:5000,&quot;background_slideshow_slide_transition&quot;:&quot;fade&quot;,&quot;background_slideshow_transition_duration&quot;:500}\">\n\t\t<div class=\"elementor-element elementor-element-17a3813f e-flex e-con-boxed wpr-particle-no wpr-jarallax-no wpr-parallax-no wpr-sticky-section-no e-con e-child\" data-id=\"17a3813f\" data-element_type=\"container\" data-e-type=\"container\">\n\t\t\t\t\t<div class=\"e-con-inner\">\n\t\t\t\t<div class=\"elementor-element elementor-element-564e2750 elementor-widget__width-initial elementor-widget elementor-widget-heading\" data-id=\"564e2750\" data-element_type=\"widget\" data-e-type=\"widget\" data-widget_type=\"heading.default\">\n\t\t\t\t<div class=\"elementor-widget-container\">\n\t\t\t\t\t<h2 class=\"elementor-heading-title elementor-size-default\">\u00bfListo para empezar?<\/h2>\t\t\t\t<\/div>\n\t\t\t\t<\/div>\n\t\t\t\t<div class=\"elementor-element elementor-element-232f2c72 elementor-widget elementor-widget-text-editor\" data-id=\"232f2c72\" data-element_type=\"widget\" data-e-type=\"widget\" data-widget_type=\"text-editor.default\">\n\t\t\t\t<div class=\"elementor-widget-container\">\n\t\t\t\t\t\t\t\t\t<p>\u00a1Cont\u00e1ctanos hoy para recibir asesoramiento experto de nuestro equipo de profesionales inmobiliarios!<\/p>\t\t\t\t\t\t\t\t<\/div>\n\t\t\t\t<\/div>\n\t\t\t\t\t<\/div>\n\t\t\t\t<\/div>\n\t\t<div class=\"elementor-element elementor-element-38712010 e-flex e-con-boxed wpr-particle-no wpr-jarallax-no wpr-parallax-no wpr-sticky-section-no e-con e-child\" data-id=\"38712010\" data-element_type=\"container\" data-e-type=\"container\">\n\t\t\t\t\t<div class=\"e-con-inner\">\n\t\t\t\t<div class=\"elementor-element elementor-element-7c790f9f elementor-widget__width-initial elementor-button-align-stretch elementor-widget elementor-widget-WpResidence_Contact_Form_Builder\" data-id=\"7c790f9f\" data-element_type=\"widget\" data-e-type=\"widget\" data-widget_type=\"WpResidence_Contact_Form_Builder.default\">\n\t\t\t\t<div class=\"elementor-widget-container\">\n\t\t\t\t\t\n\n\n\n\n        <form class=\"elementor-form wpresidence_elementor_form wpestate_contact_form_parent\"  id=\"wpresidence-elementor-form-7c790f9f\" method=\"post\" >\n            <div class=\"alert-box error\">\n                <div class=\"alert-message\" id=\"alert-agent-contact\"><\/div>\n            <\/div>\n            <input name=\"prop_id\" type=\"hidden\"  id=\"agent_property_id\" value=\"\">\n            <input name=\"prop_id\" type=\"hidden\"  id=\"agent_id\" value=\"\">\n            <input name=\"prop_id\" type=\"hidden\"  id=\"contact_form_elementor\" value=\"1\">\n            <input type=\"hidden\" name=\"contact_ajax_nonce\" id=\"agent_property_ajax_nonce\"  value=\"156d549a50\" \/>\n\n            \n            \n            <input type=\"hidden\" id=\"wpresidence_form_id\" name=\"wpresidence_form_id\" value=\"wpresidence_form_9426\" \/>\n        \n            <input type=\"hidden\" id=\"elementor_email_subject\" name=\"email_suject\" value=\"New email from &quot;VivendaNova&quot; \" \/>\n\n\n            <div class=\"elementor-form-fields-wrapper elementor-labels-above\">\n        <div class=\"elementor-field-group elementor-column form-group elementor-field-group-name elementor-col-50\"><label for=\"form-field-name\" class=\"elementor-field-label elementor-screen-only\">Nombre<\/label><input type=\"text\" name=\"name\" id=\"form-field-name\" class=\"elementor-field form-control elementor-size-xs elementor-field-textual\" placeholder=\"Nombre\"><\/div><div class=\"elementor-field-group elementor-column form-group elementor-field-group-3b90bd3 elementor-col-50\"><label for=\"form-field-3b90bd3\" class=\"elementor-field-label elementor-screen-only\">Apellido<\/label><input type=\"text\" name=\"last_name\" id=\"form-field-3b90bd3\" class=\"elementor-field form-control elementor-size-xs elementor-field-textual\" placeholder=\"Apellido\"><\/div><div class=\"elementor-field-group elementor-column form-group elementor-field-group-email elementor-field-required elementor-col-50\"><label for=\"form-field-email\" class=\"elementor-field-label elementor-screen-only\">Email*<\/label><input type=\"email\" name=\"email\" id=\"form-field-email\" class=\"elementor-field form-control elementor-size-xs elementor-field-textual\" required=\"required\" placeholder=\"Email\"><\/div><div class=\"elementor-field-group elementor-column form-group elementor-field-group-e770e4c elementor-field-required elementor-col-50\"><label for=\"form-field-e770e4c\" class=\"elementor-field-label elementor-screen-only\">Tel\u00e9fono*<\/label><input type=\"text\" name=\"phone\" id=\"form-field-e770e4c\" class=\"elementor-field form-control elementor-size-xs elementor-field-textual\" required=\"required\" placeholder=\"Tel\u00e9fono\"><\/div><div class=\"elementor-field-group elementor-column form-group elementor-field-group-message elementor-col-100\"><label for=\"form-field-message\" class=\"elementor-field-label elementor-screen-only\">Mensaje<\/label><textarea class=\"form-control elementor-field-textual elementor-field elementor-size-xs\" name=\"message\" id=\"form-field-message\" rows=\"4\" placeholder=\"Mensaje\"><\/textarea><\/div>\n                <div class=\"elementor-field-group elementor-column elementor-field-type-submit elementor-col-100\">\n                            <button type=\"submit\" class=\"agent_submit_class_elementor wpresidence_button wpresidence_button_elementor elementor-button elementor-size-md\">\n                    Enviar                            <\/button>\n\n                <\/div>\n            <\/div>\n\n\n\n        <\/form>\n\n\n\n\n        \t\t\t\t<\/div>\n\t\t\t\t<\/div>\n\t\t\t\t\t<\/div>\n\t\t\t\t<\/div>\n\t\t\t\t<\/div>\n\t\t\t\t<\/div>\n\t\t","protected":false},"excerpt":{"rendered":"<p>VivendaNova: Su socio de confianza en el mercado inmobiliario espa\u00f1ol No solo vendemos propiedades en Espa\u00f1a, nos especializamos en trabajar con clientes estadounidenses, entendiendo sus expectativas y requisitos. Ofrecemos una gama completa de servicios, que incluyen: \u00bfPor qu\u00e9 nosotros? Soporte legal Acompa\u00f1amos a nuestros clientes en todas las etapas de la transacci\u00f3n, desde la elecci\u00f3n del objeto hasta la entrega de llaves. Incluso despu\u00e9s &#8230;<\/p>\n","protected":false},"author":1,"featured_media":0,"parent":0,"menu_order":0,"comment_status":"closed","ping_status":"closed","template":"elementor_header_footer","meta":{"om_disable_all_campaigns":false,"_monsterinsights_skip_tracking":false,"_monsterinsights_sitenote_active":false,"_monsterinsights_sitenote_note":"","_monsterinsights_sitenote_category":0,"footnotes":""},"class_list":["post-128","page","type-page","status-publish","hentry"],"aioseo_notices":[],"_links":{"self":[{"href":"https:\/\/vivendanova.com\/es\/wp-json\/wp\/v2\/pages\/128","targetHints":{"allow":["GET"]}}],"collection":[{"href":"https:\/\/vivendanova.com\/es\/wp-json\/wp\/v2\/pages"}],"about":[{"href":"https:\/\/vivendanova.com\/es\/wp-json\/wp\/v2\/types\/page"}],"author":[{"embeddable":true,"href":"https:\/\/vivendanova.com\/es\/wp-json\/wp\/v2\/users\/1"}],"replies":[{"embeddable":true,"href":"https:\/\/vivendanova.com\/es\/wp-json\/wp\/v2\/comments?post=128"}],"version-history":[{"count":76,"href":"https:\/\/vivendanova.com\/es\/wp-json\/wp\/v2\/pages\/128\/revisions"}],"predecessor-version":[{"id":33463,"href":"https:\/\/vivendanova.com\/es\/wp-json\/wp\/v2\/pages\/128\/revisions\/33463"}],"wp:attachment":[{"href":"https:\/\/vivendanova.com\/es\/wp-json\/wp\/v2\/media?parent=128"}],"curies":[{"name":"wp","href":"https:\/\/api.w.org\/{rel}","templated":true}]}}